{"id":18758,"date":"2023-03-14T20:27:18","date_gmt":"2023-03-14T19:27:18","guid":{"rendered":"https:\/\/www.zanahpasteles.com\/politica-de-cookies\/"},"modified":"2026-03-03T11:05:52","modified_gmt":"2026-03-03T10:05:52","slug":"politiques-de-cookies","status":"publish","type":"page","link":"https:\/\/www.zanahpasteles.com\/ca\/politiques-de-cookies\/","title":{"rendered":"Pol\u00edtica de cookies"},"content":{"rendered":"\t\t<div data-elementor-type=\"wp-page\" data-elementor-id=\"18758\" class=\"elementor elementor-18758 elementor-15904\" data-elementor-post-type=\"page\">\n\t\t\t\t\t\t<section class=\"elementor-section elementor-top-section elementor-element elementor-element-3f6f3a15 elementor-section-boxed elementor-section-height-default elementor-section-height-default\" data-id=\"3f6f3a15\" data-element_type=\"section\" data-e-type=\"section\">\n\t\t\t\t\t\t<div class=\"elementor-container elementor-column-gap-default\">\n\t\t\t\t\t<div class=\"elementor-column elementor-col-100 elementor-top-column elementor-element elementor-element-5b8292b\" data-id=\"5b8292b\" data-element_type=\"column\" data-e-type=\"column\">\n\t\t\t<div class=\"elementor-widget-wrap elementor-element-populated\">\n\t\t\t\t\t\t<div class=\"elementor-element elementor-element-9c03e9c elementor-widget elementor-widget-heading\" data-id=\"9c03e9c\" data-element_type=\"widget\" data-e-type=\"widget\" data-widget_type=\"heading.default\">\n\t\t\t\t<div class=\"elementor-widget-container\">\n\t\t\t\t\t<h2 class=\"elementor-heading-title elementor-size-default\">Pol\u00edtica de cookies<\/h2>\t\t\t\t<\/div>\n\t\t\t\t<\/div>\n\t\t\t\t<div class=\"elementor-element elementor-element-e9ffaec elementor-widget-divider--view-line elementor-widget elementor-widget-divider\" data-id=\"e9ffaec\" data-element_type=\"widget\" data-e-type=\"widget\" data-widget_type=\"divider.default\">\n\t\t\t\t<div class=\"elementor-widget-container\">\n\t\t\t\t\t\t\t<div class=\"elementor-divider\">\n\t\t\t<span class=\"elementor-divider-separator\">\n\t\t\t\t\t\t<\/span>\n\t\t<\/div>\n\t\t\t\t\t\t<\/div>\n\t\t\t\t<\/div>\n\t\t\t\t<div class=\"elementor-element elementor-element-47d6a7cb elementor-widget elementor-widget-text-editor\" data-id=\"47d6a7cb\" data-element_type=\"widget\" data-e-type=\"widget\" data-widget_type=\"text-editor.default\">\n\t\t\t\t<div class=\"elementor-widget-container\">\n\t\t\t\t\t\t\t\t\t<p>En aquesta web s&#8217;utilitzen cookies de tercers i pr\u00f2pies per aconseguir<br>que tinguis una millor experi\u00e8ncia de navegaci\u00f3, puguis compartir<br>contingut a les xarxes socials i perqu\u00e8 puguem obtenir estad\u00edstiques<br>dels usuaris.<\/p>\n<p>Pots evitar la baixada de cookies a trav\u00e9s de la configuraci\u00f3 del<br>teu navegador, evitant que les cookies s&#8217;emmagatzemin al teu dispositiu.<\/p>\n<p>Com a propietari d\u2019aquest lloc web, et comunico que no utilitzem<br>cap informaci\u00f3 personal procedent de cookies, nom\u00e9s<br>realitzem estad\u00edstiques generals de visites que no suposen cap<br>informaci\u00f3 personal.<\/p>\n<p>\u00c9s molt important que llegeixis aquesta pol\u00edtica de cookies i<br>comprenguis que, si continues navegant, considerarem que n\u2019acceptes el<br>\u00fas.<\/p>\n<p>Segons els termes inclosos a l\u2019article 22.2 de la Llei 34\/2002 de<br>Serveis de la Societat de la Informaci\u00f3 i Comer\u00e7 Electr\u00f2nic, si<br>continues navegant, estar\u00e0s prestant el teu consentiment per a<br>l\u2019\u00fas dels mecanismes esmentats.<\/p>\n<p><strong>Entitat Responsable<\/strong><\/p>\n<p>L\u2019entitat responsable de la recollida, processament i utilitzaci\u00f3<br>de les teves dades personals, en el sentit establert per la Llei de<br>Protecci\u00f3 de Dades Personals, \u00e9s la p\u00e0gina Zanah Pasteles, propietat<br>de Luciano Minuzzi Martins \u2013 Calle Pamplona, 47. Bajos 1\u00aa &#8211; 08005 &#8211;<br>Barcelona.<\/p>\n<p><strong>Qu\u00e8 s\u00f3n les cookies?<\/strong><\/p>\n<p>Les cookies s\u00f3n un conjunt de dades que un servidor diposita al<br>navegador de l\u2019usuari per recollir informaci\u00f3 de registre est\u00e0ndard<br>d\u2019Internet i informaci\u00f3 del comportament dels visitants en un lloc web.<br>\u00c9s a dir, es tracta de petits fitxers de text que queden emmagatzemats<br>al disc dur de l\u2019ordinador i que serveixen per identificar l\u2019usuari<br>quan es connecta novament al lloc web. El seu objectiu \u00e9s registrar<br>la visita de l\u2019usuari i guardar certa informaci\u00f3. El seu \u00fas \u00e9s com\u00fa i<br>freq\u00fcent a la web ja que permet que les p\u00e0gines funcionin de manera m\u00e9s<br>eficient i aconsegueixin una major personalitzaci\u00f3 i an\u00e0lisi sobre el<br>comportament de l\u2019usuari.<\/p>\n<p><strong>Quins tipus de cookies existeixen?<\/strong><\/p>\n<p>Les cookies utilitzades al nostre lloc web s\u00f3n de sessi\u00f3 i de<br>tercers, i ens permeten emmagatzemar i accedir a informaci\u00f3 relativa a<br>l\u2019idioma, el tipus de navegador utilitzat i altres caracter\u00edstiques<br>generals predefinides per l\u2019usuari, aix\u00ed com seguir i analitzar<br>l\u2019activitat que porta a terme, amb l\u2019objectiu d\u2019introduir millores i<br>prestar els nostres serveis d\u2019una manera m\u00e9s eficient i<br>personalitzada.<\/p>\n<p>Les cookies, en funci\u00f3 de la seva perman\u00e8ncia, poden dividir-se en<br>cookies de sessi\u00f3 o permanents. Les que expiren quan l\u2019usuari tanca el<br>navegador. Les que expiren en funci\u00f3 de quan es compleixi l\u2019objectiu<br>per al qual serveixen (per exemple, perqu\u00e8 l\u2019usuari es mantingui<br>identificat en els serveis de Luciano Minuzzi Martins) o b\u00e9 quan es<br>suprimeixen manualment.<\/p>\n<p>NomTipusCaducitatFinalitatClasse<br>__utmaDe Tercers (Google Analytics)2 anysS&#8217;utilitza per distingir usuaris i sessions. No est\u00e0 exempt.<br>__utmbDe Tercers (Google Analytics)30 minutsS&#8217;utilitza per determinar les sessions o visites noves. No est\u00e0 exempt.<br>__utmcDe Tercers (Google Analytics)Al final de la sessi\u00f3Configurat per a l&#8217;\u00fas amb UrchinNo exempt<br>__utmzDe Tercers (Google Analytics)6 mesosEmmagatzema la font o la campanya que explica com l&#8217;usuari ha arribat al lloc web. No est\u00e0 exempt.<\/p>\n<p>Addicionalment, en funci\u00f3 del seu objectiu, les cookies poden<br>classificar-se de la seg\u00fcent manera:<\/p>\n<p><strong>Cookies de rendiment<\/strong><\/p>\n<p>Aquest tipus de Cookie recorda les teves prefer\u00e8ncies per a les eines<br>que es troben als serveis perqu\u00e8 no hagis de tornar a configurar el<br>servei cada vegada que el visitis. A mode d\u2019exemple, s\u2019inclouen en<br>aquesta tipologia: Ajustos de volum de reproductors de v\u00eddeo o so. Les<br>velocitats de transmissi\u00f3 de v\u00eddeo compatibles amb el teu navegador.<br>Els objectes guardats al \u201ccarret\u00f3 de la compra\u201d en serveis<br>d\u2019e-commerce com botigues.<\/p>\n<p><strong>Cookies de geolocalitzaci\u00f3<\/strong><\/p>\n<p>Aquestes cookies s\u2019utilitzen per esbrinar en quin pa\u00eds es troba<br>l\u2019usuari quan sol\u00b7licita un servei. Aquesta cookie \u00e9s totalment an\u00f2nima<br>i nom\u00e9s s\u2019utilitza per ajudar a orientar el contingut a la seva<br>ubicaci\u00f3.<\/p>\n<p><strong>Cookies de registre<\/strong><\/p>\n<p>Les cookies de registre es generen un cop l\u2019usuari s\u2019ha registrat o<br>posteriorment ha obert la seva sessi\u00f3, i s\u2019utilitzen per identificar-lo<br>als serveis amb els seg\u00fcents objectius:<\/p>\n<p>Mantenir l\u2019usuari identificat de manera que, si tanca un servei,<br>el navegador o l\u2019ordinador i en un altre moment o un altre dia torna a<br>entrar en aquest servei, continuar\u00e0 identificat, facilitant aix\u00ed la<br>seva navegaci\u00f3 sense haver de tornar a identificar-se. Aquesta<br>funcionalitat es pot suprimir si l\u2019usuari prem la funcionalitat<br>[tancar sessi\u00f3], de manera que aquesta cookie s\u2019elimina i la propera<br>vegada que entri al servei l\u2019usuari haur\u00e0 d\u2019iniciar sessi\u00f3 per estar<br>identificat.<\/p>\n<p>Comprovar si l\u2019usuari est\u00e0 autoritzat per accedir a certs serveis, per<br>exemple, per participar en un concurs.<\/p>\n<p>Addicionalment, alguns serveis poden utilitzar connectors amb xarxes<br>socials com Facebook o Twitter. Quan l\u2019usuari es registra en un servei<br>amb credencials d\u2019una xarxa social, autoritza la xarxa social a<br>guardar una Cookie persistent que recorda la seva identitat i li<br>garanteix acc\u00e9s als serveis fins que expira. L\u2019usuari pot suprimir<br>aquesta Cookie i revocar l\u2019acc\u00e9s als serveis mitjan\u00e7ant xarxes socials<br>actualitzant les seves prefer\u00e8ncies a la xarxa social que<br>correspongui.<\/p>\n<p><strong>Cookies d\u2019anal\u00edtica<\/strong><\/p>\n<p>Cada vegada que un usuari visita un servei, una eina d\u2019un prove\u00efdor<br>extern genera una cookie anal\u00edtica a l\u2019ordinador del mateix usuari.<br>Aquesta cookie, que nom\u00e9s es genera en la visita, servir\u00e0 en<br>properes visites als serveis de Luciano Minuzzi Martins per identificar<br>an\u00f2nimament el visitant. Els objectius principals s\u00f3n:<\/p>\n<p>Permetre la identificaci\u00f3 an\u00f2nima dels usuaris navegants a trav\u00e9s<br>de la cookie (identifica navegadors i dispositius, no persones) i per<br>tant el recompte aproximat del nombre de visitants i la seva tend\u00e8ncia<br>en el temps.<br>Identificar an\u00f2nimament els continguts m\u00e9s visitats i per tant m\u00e9s<br>atractius per als usuaris.<br>Saber si l\u2019usuari que accedeix \u00e9s nou o repeteix visita.<\/p>\n<p>Important: Excepte si l\u2019usuari decideix registrar-se en un servei de<br>Luciano Minuzzi Martins, la cookie mai s\u2019associar\u00e0 a cap dada de car\u00e0cter<br>personal que pugui identificar-lo. Aquestes cookies nom\u00e9s s\u2019utilitzaran<br>amb prop\u00f2sits estad\u00edstics que ajudin a optimitzar l\u2019experi\u00e8ncia dels<br>usuaris al lloc.<\/p>\n<p><strong>Cookies de publicitat<\/strong><\/p>\n<p>Aquest tipus de cookies permeten ampliar la informaci\u00f3 dels anuncis<br>mostrats a cada usuari an\u00f2nim als serveis de Luciano Minuzzi Martins.<br>Entre altres, s\u2019emmagatzema la durada o freq\u00fc\u00e8ncia de visualitzaci\u00f3<br>de posicions publicit\u00e0ries, la interacci\u00f3 amb les mateixes o els<br>patrons de navegaci\u00f3 i\/o comportaments de l\u2019usuari ja que ajuden a<br>conformar un perfil d\u2019inter\u00e8s publicitari. D\u2019aquesta manera, permeten<br>oferir publicitat af\u00ed als interessos de l\u2019usuari.<\/p>\n<p><strong>Cookies publicit\u00e0ries de tercers<\/strong><\/p>\n<p>A m\u00e9s de la publicitat gestionada per les webs de Luciano Minuzzi<br>Martins en els seus serveis, les webs de Luciano Minuzzi Martins<br>ofereixen als anunciants l\u2019opci\u00f3 de servir anuncis a trav\u00e9s de tercers<br>(\u201cAd-Servers\u201d). D\u2019aquesta manera, aquests tercers poden<br>emmagatzemar cookies enviades des dels serveis de Luciano Minuzzi<br>Martins procedents dels navegadors dels usuaris, aix\u00ed com accedir a les<br>dades que s\u2019hi guarden.<\/p>\n<p>Les empreses que generen aquestes cookies tenen les seves pr\u00f2pies<br>pol\u00edtiques de privacitat. Actualment, les webs de Luciano Minuzzi<br>Martins utilitzen la plataforma Doubleclick (Google) per gestionar<br>aquests serveis. Per a m\u00e9s informaci\u00f3, accedeix a<\/p>\n<p><a href=\"http:\/\/www.google.es\/policies\/privacy\/ads\/#toc-doubleclick\" target=\"_blank\" rel=\"noopener noreferrer\">http:\/\/www.google.es\/policies\/<wbr>privacy\/ads\/#toc-doubleclick<\/a> i a<br><a href=\"http:\/\/www.google.es\/policies\/privacy\/ads\/\" target=\"_blank\" rel=\"noopener noreferrer\">http:\/\/www.google.es\/policies\/<wbr>privacy\/ads\/<\/a>.<\/p>\n<p><strong>Com puc desactivar les cookies al meu navegador?<\/strong><\/p>\n<p>Es poden configurar els diferents navegadors per avisar l\u2019usuari<br>de la recepci\u00f3 de cookies i, si es desitja, impedir-ne la instal\u00b7laci\u00f3<br>a l\u2019equip. Igualment, l\u2019usuari pot revisar al seu navegador quines<br>cookies t\u00e9 instal\u00b7lades i quin \u00e9s el termini de caducitat de les<br>mateixes, podent eliminar-les.<\/p>\n<p>Per ampliar aquesta informaci\u00f3 consulta les instruccions i manuals del<br>teu navegador:<\/p>\n<p>Per a m\u00e9s informaci\u00f3 sobre l\u2019administraci\u00f3 de cookies a Google<br>Chrome: <a href=\"https:\/\/support.google.com\/chrome\/answer\/95647?hl=es\" target=\"_blank\" rel=\"noopener noreferrer\">https:\/\/support.google.com\/chr<wbr>ome\/answer\/95647?hl=es<\/a><\/p>\n<p>Per a m\u00e9s informaci\u00f3 sobre l\u2019administraci\u00f3 de cookies a<br>Internet Explorer:<br><a href=\"http:\/\/windows.microsoft.com\/es-es\/windows-vista\/cookies-frequently-asked-questions\" target=\"_blank\" rel=\"noopener noreferrer\">http:\/\/windows.microsoft.com\/e<wbr>s-es\/windows-vista\/cookies-fre<wbr>quently-asked-questions<\/a><\/p>\n<p>Per a m\u00e9s informaci\u00f3 sobre l\u2019administraci\u00f3 de cookies a Mozilla<br>Firefox: <a href=\"http:\/\/support.mozilla.org\/es\/kb\/habilitar-y-deshabilitar-cookies-que-los-sitios-we\" target=\"_blank\" rel=\"noopener noreferrer\">http:\/\/support.mozilla.org\/es\/<wbr>kb\/habilitar-y-deshabilitar-co<wbr>okies-que-los-sitios-we<\/a><\/p>\n<p>Per a m\u00e9s informaci\u00f3 sobre l\u2019administraci\u00f3 de cookies a Safari:<br><a href=\"http:\/\/www.apple.com\/es\/privacy\/use-of-cookies\/\" target=\"_blank\" rel=\"noopener noreferrer\">http:\/\/www.apple.com\/es\/privac<wbr>y\/use-of-cookies\/<\/a><\/p>\n<p>Per a m\u00e9s informaci\u00f3 sobre l\u2019administraci\u00f3 de cookies a Opera:<br><a href=\"http:\/\/help.opera.com\/Windows\/11.50\/es-ES\/cookies.html\" target=\"_blank\" rel=\"noopener noreferrer\">http:\/\/help.opera.com\/Windows\/<wbr>11.50\/es-ES\/cookies.html<\/a><\/p>\n<p>Si vols deixar de ser seguit per Google Analytics visita:<br><a href=\"http:\/\/tools.google.com\/dlpage\/gaoptout\" target=\"_blank\" rel=\"noopener noreferrer\">http:\/\/tools.google.com\/dlpage<wbr>\/gaoptout<\/a><\/p>\n<p><strong>Per saber m\u00e9s sobre les cookies<\/strong><\/p>\n<p>Pots obtenir m\u00e9s informaci\u00f3 sobre la publicitat online basada en el<br>comportament i la privacitat online en el seg\u00fcent enlla\u00e7:<br><a href=\"http:\/\/www.youronlinechoices.com\/es\/\" target=\"_blank\" rel=\"noopener noreferrer\">http:\/\/www.youronlinechoices.c<wbr>om\/es\/<\/a><\/p>\n<p>Protecci\u00f3 de dades de Google Analytics:<br><a href=\"http:\/\/www.google.com\/analytics\/learn\/privacy.html\" target=\"_blank\" rel=\"noopener noreferrer\">http:\/\/www.google.com\/analytic<wbr>s\/learn\/privacy.html<\/a><\/p>\n<p>Com utilitza Google Analytics les cookies:<br><a href=\"https:\/\/developers.google.com\/analytics\/devguides\/collection\/analyticsjs\/cookie-usage?hl=es#analyticsjs\" target=\"_blank\" rel=\"noopener noreferrer\">https:\/\/developers.google.com\/<wbr>analytics\/devguides\/collection<wbr>\/analyticsjs\/cookie-usage?hl=<wbr>es#analyticsjs<\/a><\/p>\n<p><strong>Actualitzacions i canvis en la pol\u00edtica de privacitat\/cookies<\/strong><\/p>\n<p>Les webs de Luciano Minuzzi Martins poden modificar aquesta Pol\u00edtica<br>de Cookies en funci\u00f3 d\u2019exig\u00e8ncies legislatives, reglament\u00e0ries o amb<br>la finalitat d\u2019adaptar&#8230;<\/p>\t\t\t\t\t\t\t\t<\/div>\n\t\t\t\t<\/div>\n\t\t\t\t\t<\/div>\n\t\t<\/div>\n\t\t\t\t\t<\/div>\n\t\t<\/section>\n\t\t\t\t<\/div>\n\t\t","protected":false},"excerpt":{"rendered":"<p>En aquesta web s&#8217;utilitzen cookies de tercers i pr\u00f2pies per aconseguirque tinguis una millor experi\u00e8ncia de navegaci\u00f3, puguis compartircontingut a les xarxes socials i perqu\u00e8 puguem obtenir estad\u00edstiquesdels usuaris. Pots evitar la baixada de cookies a trav\u00e9s de la configuraci\u00f3 delteu navegador, evitant que les cookies s&#8217;emmagatzemin al teu dispositiu. Com a propietari d\u2019aquest lloc [&hellip;]<\/p>\n","protected":false},"author":1,"featured_media":0,"parent":0,"menu_order":9,"comment_status":"closed","ping_status":"closed","template":"elementor_header_footer","meta":{"footnotes":""},"class_list":["post-18758","page","type-page","status-publish","hentry"],"yoast_head":"<!-- This site is optimized with the Yoast SEO plugin v27.3 - https:\/\/yoast.com\/product\/yoast-seo-wordpress\/ -->\n<title>Pol\u00edtica de cookies - Zanah Pasteles<\/title>\n<meta name=\"robots\" content=\"index, follow, max-snippet:-1, max-image-preview:large, max-video-preview:-1\" \/>\n<link rel=\"canonical\" href=\"https:\/\/www.zanahpasteles.com\/ca\/politiques-de-cookies\/\" \/>\n<meta property=\"og:locale\" content=\"ca_ES\" \/>\n<meta property=\"og:type\" content=\"article\" \/>\n<meta property=\"og:title\" content=\"Pol\u00edtica de cookies - Zanah Pasteles\" \/>\n<meta property=\"og:description\" content=\"En aquesta web s&#8217;utilitzen cookies de tercers i pr\u00f2pies per aconseguirque tinguis una millor experi\u00e8ncia de navegaci\u00f3, puguis compartircontingut a les xarxes socials i perqu\u00e8 puguem obtenir estad\u00edstiquesdels usuaris. Pots evitar la baixada de cookies a trav\u00e9s de la configuraci\u00f3 delteu navegador, evitant que les cookies s&#8217;emmagatzemin al teu dispositiu. Com a propietari d\u2019aquest lloc [&hellip;]\" \/>\n<meta property=\"og:url\" content=\"https:\/\/www.zanahpasteles.com\/ca\/politiques-de-cookies\/\" \/>\n<meta property=\"og:site_name\" content=\"Zanah Pasteles\" \/>\n<meta property=\"article:modified_time\" content=\"2026-03-03T10:05:52+00:00\" \/>\n<meta name=\"twitter:card\" content=\"summary_large_image\" \/>\n<meta name=\"twitter:label1\" content=\"Temps estimat de lectura\" \/>\n\t<meta name=\"twitter:data1\" content=\"8 minuts\" \/>\n<script type=\"application\/ld+json\" class=\"yoast-schema-graph\">{\"@context\":\"https:\\\/\\\/schema.org\",\"@graph\":[{\"@type\":\"WebPage\",\"@id\":\"https:\\\/\\\/www.zanahpasteles.com\\\/ca\\\/politiques-de-cookies\\\/\",\"url\":\"https:\\\/\\\/www.zanahpasteles.com\\\/ca\\\/politiques-de-cookies\\\/\",\"name\":\"Pol\u00edtica de cookies - Zanah Pasteles\",\"isPartOf\":{\"@id\":\"https:\\\/\\\/www.zanahpasteles.com\\\/#website\"},\"datePublished\":\"2023-03-14T19:27:18+00:00\",\"dateModified\":\"2026-03-03T10:05:52+00:00\",\"breadcrumb\":{\"@id\":\"https:\\\/\\\/www.zanahpasteles.com\\\/ca\\\/politiques-de-cookies\\\/#breadcrumb\"},\"inLanguage\":\"ca\",\"potentialAction\":[{\"@type\":\"ReadAction\",\"target\":[\"https:\\\/\\\/www.zanahpasteles.com\\\/ca\\\/politiques-de-cookies\\\/\"]}]},{\"@type\":\"BreadcrumbList\",\"@id\":\"https:\\\/\\\/www.zanahpasteles.com\\\/ca\\\/politiques-de-cookies\\\/#breadcrumb\",\"itemListElement\":[{\"@type\":\"ListItem\",\"position\":1,\"name\":\"Portada\",\"item\":\"https:\\\/\\\/www.zanahpasteles.com\\\/\"},{\"@type\":\"ListItem\",\"position\":2,\"name\":\"Pol\u00edtiques de cookies\"}]},{\"@type\":\"WebSite\",\"@id\":\"https:\\\/\\\/www.zanahpasteles.com\\\/#website\",\"url\":\"https:\\\/\\\/www.zanahpasteles.com\\\/\",\"name\":\"Zanah Pasteles\",\"description\":\"Pasteles horneados cada d&iacute;a\",\"publisher\":{\"@id\":\"https:\\\/\\\/www.zanahpasteles.com\\\/#organization\"},\"potentialAction\":[{\"@type\":\"SearchAction\",\"target\":{\"@type\":\"EntryPoint\",\"urlTemplate\":\"https:\\\/\\\/www.zanahpasteles.com\\\/?s={search_term_string}\"},\"query-input\":{\"@type\":\"PropertyValueSpecification\",\"valueRequired\":true,\"valueName\":\"search_term_string\"}}],\"inLanguage\":\"ca\"},{\"@type\":\"Organization\",\"@id\":\"https:\\\/\\\/www.zanahpasteles.com\\\/#organization\",\"name\":\"Zanah Pasteles\",\"url\":\"https:\\\/\\\/www.zanahpasteles.com\\\/\",\"logo\":{\"@type\":\"ImageObject\",\"inLanguage\":\"ca\",\"@id\":\"https:\\\/\\\/www.zanahpasteles.com\\\/#\\\/schema\\\/logo\\\/image\\\/\",\"url\":\"https:\\\/\\\/www.zanahpasteles.com\\\/wp-content\\\/uploads\\\/2023\\\/03\\\/zanah-logo-color.svg\",\"contentUrl\":\"https:\\\/\\\/www.zanahpasteles.com\\\/wp-content\\\/uploads\\\/2023\\\/03\\\/zanah-logo-color.svg\",\"width\":162,\"height\":65,\"caption\":\"Zanah Pasteles\"},\"image\":{\"@id\":\"https:\\\/\\\/www.zanahpasteles.com\\\/#\\\/schema\\\/logo\\\/image\\\/\"}}]}<\/script>\n<!-- \/ Yoast SEO plugin. -->","yoast_head_json":{"title":"Pol\u00edtica de cookies - Zanah Pasteles","robots":{"index":"index","follow":"follow","max-snippet":"max-snippet:-1","max-image-preview":"max-image-preview:large","max-video-preview":"max-video-preview:-1"},"canonical":"https:\/\/www.zanahpasteles.com\/ca\/politiques-de-cookies\/","og_locale":"ca_ES","og_type":"article","og_title":"Pol\u00edtica de cookies - Zanah Pasteles","og_description":"En aquesta web s&#8217;utilitzen cookies de tercers i pr\u00f2pies per aconseguirque tinguis una millor experi\u00e8ncia de navegaci\u00f3, puguis compartircontingut a les xarxes socials i perqu\u00e8 puguem obtenir estad\u00edstiquesdels usuaris. Pots evitar la baixada de cookies a trav\u00e9s de la configuraci\u00f3 delteu navegador, evitant que les cookies s&#8217;emmagatzemin al teu dispositiu. Com a propietari d\u2019aquest lloc [&hellip;]","og_url":"https:\/\/www.zanahpasteles.com\/ca\/politiques-de-cookies\/","og_site_name":"Zanah Pasteles","article_modified_time":"2026-03-03T10:05:52+00:00","twitter_card":"summary_large_image","twitter_misc":{"Temps estimat de lectura":"8 minuts"},"schema":{"@context":"https:\/\/schema.org","@graph":[{"@type":"WebPage","@id":"https:\/\/www.zanahpasteles.com\/ca\/politiques-de-cookies\/","url":"https:\/\/www.zanahpasteles.com\/ca\/politiques-de-cookies\/","name":"Pol\u00edtica de cookies - Zanah Pasteles","isPartOf":{"@id":"https:\/\/www.zanahpasteles.com\/#website"},"datePublished":"2023-03-14T19:27:18+00:00","dateModified":"2026-03-03T10:05:52+00:00","breadcrumb":{"@id":"https:\/\/www.zanahpasteles.com\/ca\/politiques-de-cookies\/#breadcrumb"},"inLanguage":"ca","potentialAction":[{"@type":"ReadAction","target":["https:\/\/www.zanahpasteles.com\/ca\/politiques-de-cookies\/"]}]},{"@type":"BreadcrumbList","@id":"https:\/\/www.zanahpasteles.com\/ca\/politiques-de-cookies\/#breadcrumb","itemListElement":[{"@type":"ListItem","position":1,"name":"Portada","item":"https:\/\/www.zanahpasteles.com\/"},{"@type":"ListItem","position":2,"name":"Pol\u00edtiques de cookies"}]},{"@type":"WebSite","@id":"https:\/\/www.zanahpasteles.com\/#website","url":"https:\/\/www.zanahpasteles.com\/","name":"Zanah Pasteles","description":"Pasteles horneados cada d&iacute;a","publisher":{"@id":"https:\/\/www.zanahpasteles.com\/#organization"},"potentialAction":[{"@type":"SearchAction","target":{"@type":"EntryPoint","urlTemplate":"https:\/\/www.zanahpasteles.com\/?s={search_term_string}"},"query-input":{"@type":"PropertyValueSpecification","valueRequired":true,"valueName":"search_term_string"}}],"inLanguage":"ca"},{"@type":"Organization","@id":"https:\/\/www.zanahpasteles.com\/#organization","name":"Zanah Pasteles","url":"https:\/\/www.zanahpasteles.com\/","logo":{"@type":"ImageObject","inLanguage":"ca","@id":"https:\/\/www.zanahpasteles.com\/#\/schema\/logo\/image\/","url":"https:\/\/www.zanahpasteles.com\/wp-content\/uploads\/2023\/03\/zanah-logo-color.svg","contentUrl":"https:\/\/www.zanahpasteles.com\/wp-content\/uploads\/2023\/03\/zanah-logo-color.svg","width":162,"height":65,"caption":"Zanah Pasteles"},"image":{"@id":"https:\/\/www.zanahpasteles.com\/#\/schema\/logo\/image\/"}}]}},"_links":{"self":[{"href":"https:\/\/www.zanahpasteles.com\/ca\/wp-json\/wp\/v2\/pages\/18758","targetHints":{"allow":["GET"]}}],"collection":[{"href":"https:\/\/www.zanahpasteles.com\/ca\/wp-json\/wp\/v2\/pages"}],"about":[{"href":"https:\/\/www.zanahpasteles.com\/ca\/wp-json\/wp\/v2\/types\/page"}],"author":[{"embeddable":true,"href":"https:\/\/www.zanahpasteles.com\/ca\/wp-json\/wp\/v2\/users\/1"}],"replies":[{"embeddable":true,"href":"https:\/\/www.zanahpasteles.com\/ca\/wp-json\/wp\/v2\/comments?post=18758"}],"version-history":[{"count":11,"href":"https:\/\/www.zanahpasteles.com\/ca\/wp-json\/wp\/v2\/pages\/18758\/revisions"}],"predecessor-version":[{"id":19231,"href":"https:\/\/www.zanahpasteles.com\/ca\/wp-json\/wp\/v2\/pages\/18758\/revisions\/19231"}],"wp:attachment":[{"href":"https:\/\/www.zanahpasteles.com\/ca\/wp-json\/wp\/v2\/media?parent=18758"}],"curies":[{"name":"wp","href":"https:\/\/api.w.org\/{rel}","templated":true}]}}