{"id":18631,"date":"2025-03-15T17:00:51","date_gmt":"2025-03-15T16:00:51","guid":{"rendered":"https:\/\/www.zanahpasteles.com\/producto\/cheesecake-dulce-de-leche\/"},"modified":"2025-03-15T17:00:51","modified_gmt":"2025-03-15T16:00:51","slug":"cheesecake-dulce-de-leche","status":"publish","type":"product","link":"https:\/\/www.zanahpasteles.com\/ca\/producto\/cheesecake-dulce-de-leche\/","title":{"rendered":"Cheesecake Dulce de Leche"},"content":{"rendered":"<p>Nova versi\u00f3! Amb base cruixent de galeta daurada i crema de formatge amb un sabor intens a dol\u00e7 de llet argent\u00ed, molt cremosa i fosa. Un postre que desperta records i passions.<\/p>\n<p>Mida: 16\/18 Racions (Di\u00e0metre 23cm)<\/p>\n","protected":false},"excerpt":{"rendered":"<p class=\"p1\"><span class=\"s1\"><b>Ingredients:<\/b>\u00a0<\/span><\/p>\n<p class=\"p1\"><span class=\"s1\"><b>Al\u00b7l\u00e8rgens:<\/b>\u00a0<\/span><\/p>\n<p class=\"p1\"><span class=\"s1\"> <b>Conservaci\u00f3:<\/b>\u00a04\u00baC \u2013 8\u00baC<\/span><\/p>\n","protected":false},"featured_media":18163,"template":"","meta":[],"product_brand":[],"product_cat":[66],"product_tag":[],"class_list":{"0":"post-18631","1":"product","2":"type-product","3":"status-publish","4":"has-post-thumbnail","6":"product_cat-cheesecakes","8":"first","9":"instock","10":"shipping-taxable","11":"purchasable","12":"product-type-simple"},"yoast_head":"<!-- This site is optimized with the Yoast SEO plugin v27.3 - https:\/\/yoast.com\/product\/yoast-seo-wordpress\/ -->\n<title>Cheesecake Dulce de Leche - Zanah Pasteles<\/title>\n<meta name=\"description\" content=\"La versi\u00f3 italiana del past\u00eds de formatge. Crem\u00f3s per dins i lleugerament cremat per fora, cobert de Nutella, mamma mia!\" \/>\n<meta name=\"robots\" content=\"index, follow, max-snippet:-1, max-image-preview:large, max-video-preview:-1\" \/>\n<link rel=\"canonical\" href=\"https:\/\/www.zanahpasteles.com\/ca\/producto\/cheesecake-dulce-de-leche\/\" \/>\n<meta property=\"og:locale\" content=\"ca_ES\" \/>\n<meta property=\"og:type\" content=\"article\" \/>\n<meta property=\"og:title\" content=\"Cheesecake Dulce de Leche - Zanah Pasteles\" \/>\n<meta property=\"og:description\" content=\"La versi\u00f3 italiana del past\u00eds de formatge. Crem\u00f3s per dins i lleugerament cremat per fora, cobert de Nutella, mamma mia!\" \/>\n<meta property=\"og:url\" content=\"https:\/\/www.zanahpasteles.com\/ca\/producto\/cheesecake-dulce-de-leche\/\" \/>\n<meta property=\"og:site_name\" content=\"Zanah Pasteles\" \/>\n<meta property=\"og:image\" content=\"http:\/\/www.zanahpasteles.com\/wp-content\/uploads\/2025\/03\/cheesecake-dulce-de-leche-zanah-pasteles.jpg\" \/>\n\t<meta property=\"og:image:width\" content=\"1100\" \/>\n\t<meta property=\"og:image:height\" content=\"1100\" \/>\n\t<meta property=\"og:image:type\" content=\"image\/jpeg\" \/>\n<meta name=\"twitter:card\" content=\"summary_large_image\" \/>\n<script type=\"application\/ld+json\" class=\"yoast-schema-graph\">{\"@context\":\"https:\\\/\\\/schema.org\",\"@graph\":[{\"@type\":\"WebPage\",\"@id\":\"https:\\\/\\\/www.zanahpasteles.com\\\/ca\\\/producto\\\/cheesecake-dulce-de-leche\\\/\",\"url\":\"https:\\\/\\\/www.zanahpasteles.com\\\/ca\\\/producto\\\/cheesecake-dulce-de-leche\\\/\",\"name\":\"Cheesecake Dulce de Leche - Zanah Pasteles\",\"isPartOf\":{\"@id\":\"https:\\\/\\\/www.zanahpasteles.com\\\/#website\"},\"primaryImageOfPage\":{\"@id\":\"https:\\\/\\\/www.zanahpasteles.com\\\/ca\\\/producto\\\/cheesecake-dulce-de-leche\\\/#primaryimage\"},\"image\":{\"@id\":\"https:\\\/\\\/www.zanahpasteles.com\\\/ca\\\/producto\\\/cheesecake-dulce-de-leche\\\/#primaryimage\"},\"thumbnailUrl\":\"https:\\\/\\\/www.zanahpasteles.com\\\/wp-content\\\/uploads\\\/2025\\\/03\\\/cheesecake-dulce-de-leche-zanah-pasteles.jpg\",\"datePublished\":\"2025-03-15T16:00:51+00:00\",\"description\":\"La versi\u00f3 italiana del past\u00eds de formatge. Crem\u00f3s per dins i lleugerament cremat per fora, cobert de Nutella, mamma mia!\",\"breadcrumb\":{\"@id\":\"https:\\\/\\\/www.zanahpasteles.com\\\/ca\\\/producto\\\/cheesecake-dulce-de-leche\\\/#breadcrumb\"},\"inLanguage\":\"ca\",\"potentialAction\":[{\"@type\":\"ReadAction\",\"target\":[\"https:\\\/\\\/www.zanahpasteles.com\\\/ca\\\/producto\\\/cheesecake-dulce-de-leche\\\/\"]}]},{\"@type\":\"ImageObject\",\"inLanguage\":\"ca\",\"@id\":\"https:\\\/\\\/www.zanahpasteles.com\\\/ca\\\/producto\\\/cheesecake-dulce-de-leche\\\/#primaryimage\",\"url\":\"https:\\\/\\\/www.zanahpasteles.com\\\/wp-content\\\/uploads\\\/2025\\\/03\\\/cheesecake-dulce-de-leche-zanah-pasteles.jpg\",\"contentUrl\":\"https:\\\/\\\/www.zanahpasteles.com\\\/wp-content\\\/uploads\\\/2025\\\/03\\\/cheesecake-dulce-de-leche-zanah-pasteles.jpg\",\"width\":1100,\"height\":1100},{\"@type\":\"BreadcrumbList\",\"@id\":\"https:\\\/\\\/www.zanahpasteles.com\\\/ca\\\/producto\\\/cheesecake-dulce-de-leche\\\/#breadcrumb\",\"itemListElement\":[{\"@type\":\"ListItem\",\"position\":1,\"name\":\"Portada\",\"item\":\"https:\\\/\\\/www.zanahpasteles.com\\\/\"},{\"@type\":\"ListItem\",\"position\":2,\"name\":\"Tenda\",\"item\":\"https:\\\/\\\/www.zanahpasteles.com\\\/ca\\\/tenda\\\/\"},{\"@type\":\"ListItem\",\"position\":3,\"name\":\"Cheesecake Dulce de Leche\"}]},{\"@type\":\"WebSite\",\"@id\":\"https:\\\/\\\/www.zanahpasteles.com\\\/#website\",\"url\":\"https:\\\/\\\/www.zanahpasteles.com\\\/\",\"name\":\"Zanah Pasteles\",\"description\":\"Pasteles horneados cada d&iacute;a\",\"publisher\":{\"@id\":\"https:\\\/\\\/www.zanahpasteles.com\\\/#organization\"},\"potentialAction\":[{\"@type\":\"SearchAction\",\"target\":{\"@type\":\"EntryPoint\",\"urlTemplate\":\"https:\\\/\\\/www.zanahpasteles.com\\\/?s={search_term_string}\"},\"query-input\":{\"@type\":\"PropertyValueSpecification\",\"valueRequired\":true,\"valueName\":\"search_term_string\"}}],\"inLanguage\":\"ca\"},{\"@type\":\"Organization\",\"@id\":\"https:\\\/\\\/www.zanahpasteles.com\\\/#organization\",\"name\":\"Zanah Pasteles\",\"url\":\"https:\\\/\\\/www.zanahpasteles.com\\\/\",\"logo\":{\"@type\":\"ImageObject\",\"inLanguage\":\"ca\",\"@id\":\"https:\\\/\\\/www.zanahpasteles.com\\\/#\\\/schema\\\/logo\\\/image\\\/\",\"url\":\"https:\\\/\\\/www.zanahpasteles.com\\\/wp-content\\\/uploads\\\/2023\\\/03\\\/zanah-logo-color.svg\",\"contentUrl\":\"https:\\\/\\\/www.zanahpasteles.com\\\/wp-content\\\/uploads\\\/2023\\\/03\\\/zanah-logo-color.svg\",\"width\":162,\"height\":65,\"caption\":\"Zanah Pasteles\"},\"image\":{\"@id\":\"https:\\\/\\\/www.zanahpasteles.com\\\/#\\\/schema\\\/logo\\\/image\\\/\"}}]}<\/script>\n<!-- \/ Yoast SEO plugin. -->","yoast_head_json":{"title":"Cheesecake Dulce de Leche - Zanah Pasteles","description":"La versi\u00f3 italiana del past\u00eds de formatge. Crem\u00f3s per dins i lleugerament cremat per fora, cobert de Nutella, mamma mia!","robots":{"index":"index","follow":"follow","max-snippet":"max-snippet:-1","max-image-preview":"max-image-preview:large","max-video-preview":"max-video-preview:-1"},"canonical":"https:\/\/www.zanahpasteles.com\/ca\/producto\/cheesecake-dulce-de-leche\/","og_locale":"ca_ES","og_type":"article","og_title":"Cheesecake Dulce de Leche - Zanah Pasteles","og_description":"La versi\u00f3 italiana del past\u00eds de formatge. Crem\u00f3s per dins i lleugerament cremat per fora, cobert de Nutella, mamma mia!","og_url":"https:\/\/www.zanahpasteles.com\/ca\/producto\/cheesecake-dulce-de-leche\/","og_site_name":"Zanah Pasteles","og_image":[{"width":1100,"height":1100,"url":"http:\/\/www.zanahpasteles.com\/wp-content\/uploads\/2025\/03\/cheesecake-dulce-de-leche-zanah-pasteles.jpg","type":"image\/jpeg"}],"twitter_card":"summary_large_image","schema":{"@context":"https:\/\/schema.org","@graph":[{"@type":"WebPage","@id":"https:\/\/www.zanahpasteles.com\/ca\/producto\/cheesecake-dulce-de-leche\/","url":"https:\/\/www.zanahpasteles.com\/ca\/producto\/cheesecake-dulce-de-leche\/","name":"Cheesecake Dulce de Leche - Zanah Pasteles","isPartOf":{"@id":"https:\/\/www.zanahpasteles.com\/#website"},"primaryImageOfPage":{"@id":"https:\/\/www.zanahpasteles.com\/ca\/producto\/cheesecake-dulce-de-leche\/#primaryimage"},"image":{"@id":"https:\/\/www.zanahpasteles.com\/ca\/producto\/cheesecake-dulce-de-leche\/#primaryimage"},"thumbnailUrl":"https:\/\/www.zanahpasteles.com\/wp-content\/uploads\/2025\/03\/cheesecake-dulce-de-leche-zanah-pasteles.jpg","datePublished":"2025-03-15T16:00:51+00:00","description":"La versi\u00f3 italiana del past\u00eds de formatge. Crem\u00f3s per dins i lleugerament cremat per fora, cobert de Nutella, mamma mia!","breadcrumb":{"@id":"https:\/\/www.zanahpasteles.com\/ca\/producto\/cheesecake-dulce-de-leche\/#breadcrumb"},"inLanguage":"ca","potentialAction":[{"@type":"ReadAction","target":["https:\/\/www.zanahpasteles.com\/ca\/producto\/cheesecake-dulce-de-leche\/"]}]},{"@type":"ImageObject","inLanguage":"ca","@id":"https:\/\/www.zanahpasteles.com\/ca\/producto\/cheesecake-dulce-de-leche\/#primaryimage","url":"https:\/\/www.zanahpasteles.com\/wp-content\/uploads\/2025\/03\/cheesecake-dulce-de-leche-zanah-pasteles.jpg","contentUrl":"https:\/\/www.zanahpasteles.com\/wp-content\/uploads\/2025\/03\/cheesecake-dulce-de-leche-zanah-pasteles.jpg","width":1100,"height":1100},{"@type":"BreadcrumbList","@id":"https:\/\/www.zanahpasteles.com\/ca\/producto\/cheesecake-dulce-de-leche\/#breadcrumb","itemListElement":[{"@type":"ListItem","position":1,"name":"Portada","item":"https:\/\/www.zanahpasteles.com\/"},{"@type":"ListItem","position":2,"name":"Tenda","item":"https:\/\/www.zanahpasteles.com\/ca\/tenda\/"},{"@type":"ListItem","position":3,"name":"Cheesecake Dulce de Leche"}]},{"@type":"WebSite","@id":"https:\/\/www.zanahpasteles.com\/#website","url":"https:\/\/www.zanahpasteles.com\/","name":"Zanah Pasteles","description":"Pasteles horneados cada d&iacute;a","publisher":{"@id":"https:\/\/www.zanahpasteles.com\/#organization"},"potentialAction":[{"@type":"SearchAction","target":{"@type":"EntryPoint","urlTemplate":"https:\/\/www.zanahpasteles.com\/?s={search_term_string}"},"query-input":{"@type":"PropertyValueSpecification","valueRequired":true,"valueName":"search_term_string"}}],"inLanguage":"ca"},{"@type":"Organization","@id":"https:\/\/www.zanahpasteles.com\/#organization","name":"Zanah Pasteles","url":"https:\/\/www.zanahpasteles.com\/","logo":{"@type":"ImageObject","inLanguage":"ca","@id":"https:\/\/www.zanahpasteles.com\/#\/schema\/logo\/image\/","url":"https:\/\/www.zanahpasteles.com\/wp-content\/uploads\/2023\/03\/zanah-logo-color.svg","contentUrl":"https:\/\/www.zanahpasteles.com\/wp-content\/uploads\/2023\/03\/zanah-logo-color.svg","width":162,"height":65,"caption":"Zanah Pasteles"},"image":{"@id":"https:\/\/www.zanahpasteles.com\/#\/schema\/logo\/image\/"}}]}},"_links":{"self":[{"href":"https:\/\/www.zanahpasteles.com\/ca\/wp-json\/wp\/v2\/product\/18631","targetHints":{"allow":["GET"]}}],"collection":[{"href":"https:\/\/www.zanahpasteles.com\/ca\/wp-json\/wp\/v2\/product"}],"about":[{"href":"https:\/\/www.zanahpasteles.com\/ca\/wp-json\/wp\/v2\/types\/product"}],"wp:featuredmedia":[{"embeddable":true,"href":"https:\/\/www.zanahpasteles.com\/ca\/wp-json\/wp\/v2\/media\/18163"}],"wp:attachment":[{"href":"https:\/\/www.zanahpasteles.com\/ca\/wp-json\/wp\/v2\/media?parent=18631"}],"wp:term":[{"taxonomy":"product_brand","embeddable":true,"href":"https:\/\/www.zanahpasteles.com\/ca\/wp-json\/wp\/v2\/product_brand?post=18631"},{"taxonomy":"product_cat","embeddable":true,"href":"https:\/\/www.zanahpasteles.com\/ca\/wp-json\/wp\/v2\/product_cat?post=18631"},{"taxonomy":"product_tag","embeddable":true,"href":"https:\/\/www.zanahpasteles.com\/ca\/wp-json\/wp\/v2\/product_tag?post=18631"}],"curies":[{"name":"wp","href":"https:\/\/api.w.org\/{rel}","templated":true}]}}