{"id":18644,"date":"2025-03-13T17:24:16","date_gmt":"2025-03-13T16:24:16","guid":{"rendered":"https:\/\/www.zanahpasteles.com\/producto\/vainilla-coco-dolc-de-llet\/"},"modified":"2025-11-27T11:01:17","modified_gmt":"2025-11-27T10:01:17","slug":"vainilla-coco-dolc-de-llet","status":"publish","type":"product","link":"https:\/\/www.zanahpasteles.com\/ca\/producto\/vainilla-coco-dolc-de-llet\/","title":{"rendered":"Vainilla Coco  Dol\u00e7 de Llet"},"content":{"rendered":"<p>Inspiraci\u00f3 llatina, amb el nostre pa de pessic suc\u00f3s de vainilla banyat en llet de coco, farcit de trufa de coco (beijinho brasiler) i acabat amb cobertura de dol\u00e7 de llet argent\u00ed.<\/p>\n","protected":false},"excerpt":{"rendered":"<p><span style=\"font-weight: 400;\"><strong>Ingredients:<\/strong> Llet, sucre, farina de blat, oli de gira-sol, suc de llimona, vinagre de vi blanc, cacau en pols, ou, colorant alimentari, bicarbonat s\u00f2dic, ess\u00e8ncia de vainilla, pastanaga, nous, llevat, canyella, sal, crema de formatge.<\/span><\/p>\n<p><span style=\"font-weight: 400;\"><strong>Al\u00b7l\u00e8rgens:<\/strong> Llet, farina de blat, ou, nous, formatge.<\/span><\/p>\n<p><span style=\"font-weight: 400;\"><strong>Conservaci\u00f3:<\/strong> 4\u00baC &#8211; 8\u00baC<\/span><\/p>\n","protected":false},"featured_media":18169,"template":"","meta":[],"product_brand":[],"product_cat":[65],"product_tag":[],"class_list":{"0":"post-18644","1":"product","2":"type-product","3":"status-publish","4":"has-post-thumbnail","6":"product_cat-pastissos","8":"first","9":"instock","10":"shipping-taxable","11":"purchasable","12":"product-type-variable"},"yoast_head":"<!-- This site is optimized with the Yoast SEO plugin v27.3 - https:\/\/yoast.com\/product\/yoast-seo-wordpress\/ -->\n<title>Vainilla Coco Dol\u00e7 de Llet - Zanah Pasteles<\/title>\n<meta name=\"description\" content=\"No et pots decidir? T&#039;ajudem! Meitat past\u00eds de pastanaga i meitat Red Velvet. Amb la nostra deliciosa cobertura de formatge crema! No et resisteixis.\" \/>\n<meta name=\"robots\" content=\"index, follow, max-snippet:-1, max-image-preview:large, max-video-preview:-1\" \/>\n<link rel=\"canonical\" href=\"https:\/\/www.zanahpasteles.com\/ca\/producto\/vainilla-coco-dolc-de-llet\/\" \/>\n<meta property=\"og:locale\" content=\"ca_ES\" \/>\n<meta property=\"og:type\" content=\"article\" \/>\n<meta property=\"og:title\" content=\"Vainilla Coco Dol\u00e7 de Llet - Zanah Pasteles\" \/>\n<meta property=\"og:description\" content=\"No et pots decidir? T&#039;ajudem! Meitat past\u00eds de pastanaga i meitat Red Velvet. Amb la nostra deliciosa cobertura de formatge crema! No et resisteixis.\" \/>\n<meta property=\"og:url\" content=\"https:\/\/www.zanahpasteles.com\/ca\/producto\/vainilla-coco-dolc-de-llet\/\" \/>\n<meta property=\"og:site_name\" content=\"Zanah Pasteles\" \/>\n<meta property=\"article:modified_time\" content=\"2025-11-27T10:01:17+00:00\" \/>\n<meta property=\"og:image\" content=\"http:\/\/www.zanahpasteles.com\/wp-content\/uploads\/2025\/03\/vainilla-coco-dulce-de-leche-zanah-pasteles.jpg.jpg\" \/>\n\t<meta property=\"og:image:width\" content=\"1100\" \/>\n\t<meta property=\"og:image:height\" content=\"1100\" \/>\n\t<meta property=\"og:image:type\" content=\"image\/jpeg\" \/>\n<meta name=\"twitter:card\" content=\"summary_large_image\" \/>\n<script type=\"application\/ld+json\" class=\"yoast-schema-graph\">{\"@context\":\"https:\\\/\\\/schema.org\",\"@graph\":[{\"@type\":\"WebPage\",\"@id\":\"https:\\\/\\\/www.zanahpasteles.com\\\/ca\\\/producto\\\/vainilla-coco-dolc-de-llet\\\/\",\"url\":\"https:\\\/\\\/www.zanahpasteles.com\\\/ca\\\/producto\\\/vainilla-coco-dolc-de-llet\\\/\",\"name\":\"Vainilla Coco Dol\u00e7 de Llet - Zanah Pasteles\",\"isPartOf\":{\"@id\":\"https:\\\/\\\/www.zanahpasteles.com\\\/#website\"},\"primaryImageOfPage\":{\"@id\":\"https:\\\/\\\/www.zanahpasteles.com\\\/ca\\\/producto\\\/vainilla-coco-dolc-de-llet\\\/#primaryimage\"},\"image\":{\"@id\":\"https:\\\/\\\/www.zanahpasteles.com\\\/ca\\\/producto\\\/vainilla-coco-dolc-de-llet\\\/#primaryimage\"},\"thumbnailUrl\":\"https:\\\/\\\/www.zanahpasteles.com\\\/wp-content\\\/uploads\\\/2025\\\/03\\\/vainilla-coco-dulce-de-leche-zanah-pasteles.jpg.jpg\",\"datePublished\":\"2025-03-13T16:24:16+00:00\",\"dateModified\":\"2025-11-27T10:01:17+00:00\",\"description\":\"No et pots decidir? T'ajudem! Meitat past\u00eds de pastanaga i meitat Red Velvet. Amb la nostra deliciosa cobertura de formatge crema! No et resisteixis.\",\"breadcrumb\":{\"@id\":\"https:\\\/\\\/www.zanahpasteles.com\\\/ca\\\/producto\\\/vainilla-coco-dolc-de-llet\\\/#breadcrumb\"},\"inLanguage\":\"ca\",\"potentialAction\":[{\"@type\":\"ReadAction\",\"target\":[\"https:\\\/\\\/www.zanahpasteles.com\\\/ca\\\/producto\\\/vainilla-coco-dolc-de-llet\\\/\"]}]},{\"@type\":\"ImageObject\",\"inLanguage\":\"ca\",\"@id\":\"https:\\\/\\\/www.zanahpasteles.com\\\/ca\\\/producto\\\/vainilla-coco-dolc-de-llet\\\/#primaryimage\",\"url\":\"https:\\\/\\\/www.zanahpasteles.com\\\/wp-content\\\/uploads\\\/2025\\\/03\\\/vainilla-coco-dulce-de-leche-zanah-pasteles.jpg.jpg\",\"contentUrl\":\"https:\\\/\\\/www.zanahpasteles.com\\\/wp-content\\\/uploads\\\/2025\\\/03\\\/vainilla-coco-dulce-de-leche-zanah-pasteles.jpg.jpg\",\"width\":1100,\"height\":1100},{\"@type\":\"BreadcrumbList\",\"@id\":\"https:\\\/\\\/www.zanahpasteles.com\\\/ca\\\/producto\\\/vainilla-coco-dolc-de-llet\\\/#breadcrumb\",\"itemListElement\":[{\"@type\":\"ListItem\",\"position\":1,\"name\":\"Portada\",\"item\":\"https:\\\/\\\/www.zanahpasteles.com\\\/\"},{\"@type\":\"ListItem\",\"position\":2,\"name\":\"Tenda\",\"item\":\"https:\\\/\\\/www.zanahpasteles.com\\\/ca\\\/tenda\\\/\"},{\"@type\":\"ListItem\",\"position\":3,\"name\":\"Vainilla Coco Dol\u00e7 de Llet\"}]},{\"@type\":\"WebSite\",\"@id\":\"https:\\\/\\\/www.zanahpasteles.com\\\/#website\",\"url\":\"https:\\\/\\\/www.zanahpasteles.com\\\/\",\"name\":\"Zanah Pasteles\",\"description\":\"Pasteles horneados cada d&iacute;a\",\"publisher\":{\"@id\":\"https:\\\/\\\/www.zanahpasteles.com\\\/#organization\"},\"potentialAction\":[{\"@type\":\"SearchAction\",\"target\":{\"@type\":\"EntryPoint\",\"urlTemplate\":\"https:\\\/\\\/www.zanahpasteles.com\\\/?s={search_term_string}\"},\"query-input\":{\"@type\":\"PropertyValueSpecification\",\"valueRequired\":true,\"valueName\":\"search_term_string\"}}],\"inLanguage\":\"ca\"},{\"@type\":\"Organization\",\"@id\":\"https:\\\/\\\/www.zanahpasteles.com\\\/#organization\",\"name\":\"Zanah Pasteles\",\"url\":\"https:\\\/\\\/www.zanahpasteles.com\\\/\",\"logo\":{\"@type\":\"ImageObject\",\"inLanguage\":\"ca\",\"@id\":\"https:\\\/\\\/www.zanahpasteles.com\\\/#\\\/schema\\\/logo\\\/image\\\/\",\"url\":\"https:\\\/\\\/www.zanahpasteles.com\\\/wp-content\\\/uploads\\\/2023\\\/03\\\/zanah-logo-color.svg\",\"contentUrl\":\"https:\\\/\\\/www.zanahpasteles.com\\\/wp-content\\\/uploads\\\/2023\\\/03\\\/zanah-logo-color.svg\",\"width\":162,\"height\":65,\"caption\":\"Zanah Pasteles\"},\"image\":{\"@id\":\"https:\\\/\\\/www.zanahpasteles.com\\\/#\\\/schema\\\/logo\\\/image\\\/\"}}]}<\/script>\n<!-- \/ Yoast SEO plugin. -->","yoast_head_json":{"title":"Vainilla Coco Dol\u00e7 de Llet - Zanah Pasteles","description":"No et pots decidir? T'ajudem! Meitat past\u00eds de pastanaga i meitat Red Velvet. Amb la nostra deliciosa cobertura de formatge crema! No et resisteixis.","robots":{"index":"index","follow":"follow","max-snippet":"max-snippet:-1","max-image-preview":"max-image-preview:large","max-video-preview":"max-video-preview:-1"},"canonical":"https:\/\/www.zanahpasteles.com\/ca\/producto\/vainilla-coco-dolc-de-llet\/","og_locale":"ca_ES","og_type":"article","og_title":"Vainilla Coco Dol\u00e7 de Llet - Zanah Pasteles","og_description":"No et pots decidir? T'ajudem! Meitat past\u00eds de pastanaga i meitat Red Velvet. Amb la nostra deliciosa cobertura de formatge crema! No et resisteixis.","og_url":"https:\/\/www.zanahpasteles.com\/ca\/producto\/vainilla-coco-dolc-de-llet\/","og_site_name":"Zanah Pasteles","article_modified_time":"2025-11-27T10:01:17+00:00","og_image":[{"width":1100,"height":1100,"url":"http:\/\/www.zanahpasteles.com\/wp-content\/uploads\/2025\/03\/vainilla-coco-dulce-de-leche-zanah-pasteles.jpg.jpg","type":"image\/jpeg"}],"twitter_card":"summary_large_image","schema":{"@context":"https:\/\/schema.org","@graph":[{"@type":"WebPage","@id":"https:\/\/www.zanahpasteles.com\/ca\/producto\/vainilla-coco-dolc-de-llet\/","url":"https:\/\/www.zanahpasteles.com\/ca\/producto\/vainilla-coco-dolc-de-llet\/","name":"Vainilla Coco Dol\u00e7 de Llet - Zanah Pasteles","isPartOf":{"@id":"https:\/\/www.zanahpasteles.com\/#website"},"primaryImageOfPage":{"@id":"https:\/\/www.zanahpasteles.com\/ca\/producto\/vainilla-coco-dolc-de-llet\/#primaryimage"},"image":{"@id":"https:\/\/www.zanahpasteles.com\/ca\/producto\/vainilla-coco-dolc-de-llet\/#primaryimage"},"thumbnailUrl":"https:\/\/www.zanahpasteles.com\/wp-content\/uploads\/2025\/03\/vainilla-coco-dulce-de-leche-zanah-pasteles.jpg.jpg","datePublished":"2025-03-13T16:24:16+00:00","dateModified":"2025-11-27T10:01:17+00:00","description":"No et pots decidir? T'ajudem! Meitat past\u00eds de pastanaga i meitat Red Velvet. Amb la nostra deliciosa cobertura de formatge crema! No et resisteixis.","breadcrumb":{"@id":"https:\/\/www.zanahpasteles.com\/ca\/producto\/vainilla-coco-dolc-de-llet\/#breadcrumb"},"inLanguage":"ca","potentialAction":[{"@type":"ReadAction","target":["https:\/\/www.zanahpasteles.com\/ca\/producto\/vainilla-coco-dolc-de-llet\/"]}]},{"@type":"ImageObject","inLanguage":"ca","@id":"https:\/\/www.zanahpasteles.com\/ca\/producto\/vainilla-coco-dolc-de-llet\/#primaryimage","url":"https:\/\/www.zanahpasteles.com\/wp-content\/uploads\/2025\/03\/vainilla-coco-dulce-de-leche-zanah-pasteles.jpg.jpg","contentUrl":"https:\/\/www.zanahpasteles.com\/wp-content\/uploads\/2025\/03\/vainilla-coco-dulce-de-leche-zanah-pasteles.jpg.jpg","width":1100,"height":1100},{"@type":"BreadcrumbList","@id":"https:\/\/www.zanahpasteles.com\/ca\/producto\/vainilla-coco-dolc-de-llet\/#breadcrumb","itemListElement":[{"@type":"ListItem","position":1,"name":"Portada","item":"https:\/\/www.zanahpasteles.com\/"},{"@type":"ListItem","position":2,"name":"Tenda","item":"https:\/\/www.zanahpasteles.com\/ca\/tenda\/"},{"@type":"ListItem","position":3,"name":"Vainilla Coco Dol\u00e7 de Llet"}]},{"@type":"WebSite","@id":"https:\/\/www.zanahpasteles.com\/#website","url":"https:\/\/www.zanahpasteles.com\/","name":"Zanah Pasteles","description":"Pasteles horneados cada d&iacute;a","publisher":{"@id":"https:\/\/www.zanahpasteles.com\/#organization"},"potentialAction":[{"@type":"SearchAction","target":{"@type":"EntryPoint","urlTemplate":"https:\/\/www.zanahpasteles.com\/?s={search_term_string}"},"query-input":{"@type":"PropertyValueSpecification","valueRequired":true,"valueName":"search_term_string"}}],"inLanguage":"ca"},{"@type":"Organization","@id":"https:\/\/www.zanahpasteles.com\/#organization","name":"Zanah Pasteles","url":"https:\/\/www.zanahpasteles.com\/","logo":{"@type":"ImageObject","inLanguage":"ca","@id":"https:\/\/www.zanahpasteles.com\/#\/schema\/logo\/image\/","url":"https:\/\/www.zanahpasteles.com\/wp-content\/uploads\/2023\/03\/zanah-logo-color.svg","contentUrl":"https:\/\/www.zanahpasteles.com\/wp-content\/uploads\/2023\/03\/zanah-logo-color.svg","width":162,"height":65,"caption":"Zanah Pasteles"},"image":{"@id":"https:\/\/www.zanahpasteles.com\/#\/schema\/logo\/image\/"}}]}},"_links":{"self":[{"href":"https:\/\/www.zanahpasteles.com\/ca\/wp-json\/wp\/v2\/product\/18644","targetHints":{"allow":["GET"]}}],"collection":[{"href":"https:\/\/www.zanahpasteles.com\/ca\/wp-json\/wp\/v2\/product"}],"about":[{"href":"https:\/\/www.zanahpasteles.com\/ca\/wp-json\/wp\/v2\/types\/product"}],"wp:featuredmedia":[{"embeddable":true,"href":"https:\/\/www.zanahpasteles.com\/ca\/wp-json\/wp\/v2\/media\/18169"}],"wp:attachment":[{"href":"https:\/\/www.zanahpasteles.com\/ca\/wp-json\/wp\/v2\/media?parent=18644"}],"wp:term":[{"taxonomy":"product_brand","embeddable":true,"href":"https:\/\/www.zanahpasteles.com\/ca\/wp-json\/wp\/v2\/product_brand?post=18644"},{"taxonomy":"product_cat","embeddable":true,"href":"https:\/\/www.zanahpasteles.com\/ca\/wp-json\/wp\/v2\/product_cat?post=18644"},{"taxonomy":"product_tag","embeddable":true,"href":"https:\/\/www.zanahpasteles.com\/ca\/wp-json\/wp\/v2\/product_tag?post=18644"}],"curies":[{"name":"wp","href":"https:\/\/api.w.org\/{rel}","templated":true}]}}