{"id":18719,"date":"2021-01-19T15:07:02","date_gmt":"2021-01-19T14:07:02","guid":{"rendered":"https:\/\/www.zanahpasteles.com\/producto\/cheesecake-de-fruits-vermells\/"},"modified":"2021-01-19T15:07:02","modified_gmt":"2021-01-19T14:07:02","slug":"cheesecake-de-fruits-vermells","status":"publish","type":"product","link":"https:\/\/www.zanahpasteles.com\/ca\/producto\/cheesecake-de-fruits-vermells\/","title":{"rendered":"Cheesecake de Fruits Vermells"},"content":{"rendered":"<p><span style=\"font-weight: 400;\">Cheesecake crem\u00f3s per dins i lleugerament torrat per fora, amb cobertura de coulis de fruits vermells, el cl\u00e0ssic novaiorqu\u00e8s.<\/span><\/p>\n","protected":false},"excerpt":{"rendered":"<p class=\"p1\"><span class=\"s1\"><b>Ingredients:<\/b> <span style=\"font-weight: 400;\">Mantega, galeta Maria (farina de blat), formatge fresc, nata 35%, ou, sucre, mid\u00f3, ess\u00e8ncia de vainilla i ratlladura de llimona, melmelada casolana de fruits del bosc, pectina.<\/span>\u00a0<\/span><\/p>\n<p class=\"p1\"><span class=\"s1\"><b>Al\u00b7l\u00e8rgens:<\/b> <span style=\"font-weight: 400;\">Mantega, galeta Maria (farina de blat), formatge fresc, nata, ou.<\/span><\/span><\/p>\n<p class=\"p1\"><span class=\"s1\"> <b>Conservaci\u00f3:<\/b>\u00a04\u00baC \u2013 8\u00baC<\/span><\/p>\n","protected":false},"featured_media":18100,"template":"","meta":[],"product_brand":[],"product_cat":[66],"product_tag":[],"class_list":{"0":"post-18719","1":"product","2":"type-product","3":"status-publish","4":"has-post-thumbnail","6":"product_cat-cheesecakes","8":"first","9":"instock","10":"shipping-taxable","11":"purchasable","12":"product-type-variable"},"yoast_head":"<!-- This site is optimized with the Yoast SEO plugin v27.3 - https:\/\/yoast.com\/product\/yoast-seo-wordpress\/ -->\n<title>Cheesecake de Fruits Vermells - Zanah Pasteles<\/title>\n<meta name=\"description\" content=\"Cheesecake crem\u00f3s per dins i lleugerament torrat per fora, amb cobertura de coulis de fruits vermells, el cl\u00e0ssic novaiorqu\u00e8s.\" \/>\n<meta name=\"robots\" content=\"index, follow, max-snippet:-1, max-image-preview:large, max-video-preview:-1\" \/>\n<link rel=\"canonical\" href=\"https:\/\/www.zanahpasteles.com\/ca\/producto\/cheesecake-de-fruits-vermells\/\" \/>\n<meta property=\"og:locale\" content=\"ca_ES\" \/>\n<meta property=\"og:type\" content=\"article\" \/>\n<meta property=\"og:title\" content=\"Cheesecake de Fruits Vermells - Zanah Pasteles\" \/>\n<meta property=\"og:description\" content=\"Cheesecake crem\u00f3s per dins i lleugerament torrat per fora, amb cobertura de coulis de fruits vermells, el cl\u00e0ssic novaiorqu\u00e8s.\" \/>\n<meta property=\"og:url\" content=\"https:\/\/www.zanahpasteles.com\/ca\/producto\/cheesecake-de-fruits-vermells\/\" \/>\n<meta property=\"og:site_name\" content=\"Zanah Pasteles\" \/>\n<meta property=\"og:image\" content=\"http:\/\/www.zanahpasteles.com\/wp-content\/uploads\/2021\/01\/cheesecake-new-york-frutos-rojos-pastel-zanah.jpg\" \/>\n\t<meta property=\"og:image:width\" content=\"1100\" \/>\n\t<meta property=\"og:image:height\" content=\"1100\" \/>\n\t<meta property=\"og:image:type\" content=\"image\/jpeg\" \/>\n<meta name=\"twitter:card\" content=\"summary_large_image\" \/>\n<script type=\"application\/ld+json\" class=\"yoast-schema-graph\">{\"@context\":\"https:\\\/\\\/schema.org\",\"@graph\":[{\"@type\":\"WebPage\",\"@id\":\"https:\\\/\\\/www.zanahpasteles.com\\\/ca\\\/producto\\\/cheesecake-de-fruits-vermells\\\/\",\"url\":\"https:\\\/\\\/www.zanahpasteles.com\\\/ca\\\/producto\\\/cheesecake-de-fruits-vermells\\\/\",\"name\":\"Cheesecake de Fruits Vermells - Zanah Pasteles\",\"isPartOf\":{\"@id\":\"https:\\\/\\\/www.zanahpasteles.com\\\/#website\"},\"primaryImageOfPage\":{\"@id\":\"https:\\\/\\\/www.zanahpasteles.com\\\/ca\\\/producto\\\/cheesecake-de-fruits-vermells\\\/#primaryimage\"},\"image\":{\"@id\":\"https:\\\/\\\/www.zanahpasteles.com\\\/ca\\\/producto\\\/cheesecake-de-fruits-vermells\\\/#primaryimage\"},\"thumbnailUrl\":\"https:\\\/\\\/www.zanahpasteles.com\\\/wp-content\\\/uploads\\\/2021\\\/01\\\/cheesecake-new-york-frutos-rojos-pastel-zanah.jpg\",\"datePublished\":\"2021-01-19T14:07:02+00:00\",\"description\":\"Cheesecake crem\u00f3s per dins i lleugerament torrat per fora, amb cobertura de coulis de fruits vermells, el cl\u00e0ssic novaiorqu\u00e8s.\",\"breadcrumb\":{\"@id\":\"https:\\\/\\\/www.zanahpasteles.com\\\/ca\\\/producto\\\/cheesecake-de-fruits-vermells\\\/#breadcrumb\"},\"inLanguage\":\"ca\",\"potentialAction\":[{\"@type\":\"ReadAction\",\"target\":[\"https:\\\/\\\/www.zanahpasteles.com\\\/ca\\\/producto\\\/cheesecake-de-fruits-vermells\\\/\"]}]},{\"@type\":\"ImageObject\",\"inLanguage\":\"ca\",\"@id\":\"https:\\\/\\\/www.zanahpasteles.com\\\/ca\\\/producto\\\/cheesecake-de-fruits-vermells\\\/#primaryimage\",\"url\":\"https:\\\/\\\/www.zanahpasteles.com\\\/wp-content\\\/uploads\\\/2021\\\/01\\\/cheesecake-new-york-frutos-rojos-pastel-zanah.jpg\",\"contentUrl\":\"https:\\\/\\\/www.zanahpasteles.com\\\/wp-content\\\/uploads\\\/2021\\\/01\\\/cheesecake-new-york-frutos-rojos-pastel-zanah.jpg\",\"width\":1100,\"height\":1100,\"caption\":\"cheesecake new york fruits vermells Zanah Pasteles\"},{\"@type\":\"BreadcrumbList\",\"@id\":\"https:\\\/\\\/www.zanahpasteles.com\\\/ca\\\/producto\\\/cheesecake-de-fruits-vermells\\\/#breadcrumb\",\"itemListElement\":[{\"@type\":\"ListItem\",\"position\":1,\"name\":\"Portada\",\"item\":\"https:\\\/\\\/www.zanahpasteles.com\\\/\"},{\"@type\":\"ListItem\",\"position\":2,\"name\":\"Tenda\",\"item\":\"https:\\\/\\\/www.zanahpasteles.com\\\/ca\\\/tenda\\\/\"},{\"@type\":\"ListItem\",\"position\":3,\"name\":\"Cheesecake de Fruits Vermells\"}]},{\"@type\":\"WebSite\",\"@id\":\"https:\\\/\\\/www.zanahpasteles.com\\\/#website\",\"url\":\"https:\\\/\\\/www.zanahpasteles.com\\\/\",\"name\":\"Zanah Pasteles\",\"description\":\"Pasteles horneados cada d&iacute;a\",\"publisher\":{\"@id\":\"https:\\\/\\\/www.zanahpasteles.com\\\/#organization\"},\"potentialAction\":[{\"@type\":\"SearchAction\",\"target\":{\"@type\":\"EntryPoint\",\"urlTemplate\":\"https:\\\/\\\/www.zanahpasteles.com\\\/?s={search_term_string}\"},\"query-input\":{\"@type\":\"PropertyValueSpecification\",\"valueRequired\":true,\"valueName\":\"search_term_string\"}}],\"inLanguage\":\"ca\"},{\"@type\":\"Organization\",\"@id\":\"https:\\\/\\\/www.zanahpasteles.com\\\/#organization\",\"name\":\"Zanah Pasteles\",\"url\":\"https:\\\/\\\/www.zanahpasteles.com\\\/\",\"logo\":{\"@type\":\"ImageObject\",\"inLanguage\":\"ca\",\"@id\":\"https:\\\/\\\/www.zanahpasteles.com\\\/#\\\/schema\\\/logo\\\/image\\\/\",\"url\":\"https:\\\/\\\/www.zanahpasteles.com\\\/wp-content\\\/uploads\\\/2023\\\/03\\\/zanah-logo-color.svg\",\"contentUrl\":\"https:\\\/\\\/www.zanahpasteles.com\\\/wp-content\\\/uploads\\\/2023\\\/03\\\/zanah-logo-color.svg\",\"width\":162,\"height\":65,\"caption\":\"Zanah Pasteles\"},\"image\":{\"@id\":\"https:\\\/\\\/www.zanahpasteles.com\\\/#\\\/schema\\\/logo\\\/image\\\/\"}}]}<\/script>\n<!-- \/ Yoast SEO plugin. -->","yoast_head_json":{"title":"Cheesecake de Fruits Vermells - Zanah Pasteles","description":"Cheesecake crem\u00f3s per dins i lleugerament torrat per fora, amb cobertura de coulis de fruits vermells, el cl\u00e0ssic novaiorqu\u00e8s.","robots":{"index":"index","follow":"follow","max-snippet":"max-snippet:-1","max-image-preview":"max-image-preview:large","max-video-preview":"max-video-preview:-1"},"canonical":"https:\/\/www.zanahpasteles.com\/ca\/producto\/cheesecake-de-fruits-vermells\/","og_locale":"ca_ES","og_type":"article","og_title":"Cheesecake de Fruits Vermells - Zanah Pasteles","og_description":"Cheesecake crem\u00f3s per dins i lleugerament torrat per fora, amb cobertura de coulis de fruits vermells, el cl\u00e0ssic novaiorqu\u00e8s.","og_url":"https:\/\/www.zanahpasteles.com\/ca\/producto\/cheesecake-de-fruits-vermells\/","og_site_name":"Zanah Pasteles","og_image":[{"width":1100,"height":1100,"url":"http:\/\/www.zanahpasteles.com\/wp-content\/uploads\/2021\/01\/cheesecake-new-york-frutos-rojos-pastel-zanah.jpg","type":"image\/jpeg"}],"twitter_card":"summary_large_image","schema":{"@context":"https:\/\/schema.org","@graph":[{"@type":"WebPage","@id":"https:\/\/www.zanahpasteles.com\/ca\/producto\/cheesecake-de-fruits-vermells\/","url":"https:\/\/www.zanahpasteles.com\/ca\/producto\/cheesecake-de-fruits-vermells\/","name":"Cheesecake de Fruits Vermells - Zanah Pasteles","isPartOf":{"@id":"https:\/\/www.zanahpasteles.com\/#website"},"primaryImageOfPage":{"@id":"https:\/\/www.zanahpasteles.com\/ca\/producto\/cheesecake-de-fruits-vermells\/#primaryimage"},"image":{"@id":"https:\/\/www.zanahpasteles.com\/ca\/producto\/cheesecake-de-fruits-vermells\/#primaryimage"},"thumbnailUrl":"https:\/\/www.zanahpasteles.com\/wp-content\/uploads\/2021\/01\/cheesecake-new-york-frutos-rojos-pastel-zanah.jpg","datePublished":"2021-01-19T14:07:02+00:00","description":"Cheesecake crem\u00f3s per dins i lleugerament torrat per fora, amb cobertura de coulis de fruits vermells, el cl\u00e0ssic novaiorqu\u00e8s.","breadcrumb":{"@id":"https:\/\/www.zanahpasteles.com\/ca\/producto\/cheesecake-de-fruits-vermells\/#breadcrumb"},"inLanguage":"ca","potentialAction":[{"@type":"ReadAction","target":["https:\/\/www.zanahpasteles.com\/ca\/producto\/cheesecake-de-fruits-vermells\/"]}]},{"@type":"ImageObject","inLanguage":"ca","@id":"https:\/\/www.zanahpasteles.com\/ca\/producto\/cheesecake-de-fruits-vermells\/#primaryimage","url":"https:\/\/www.zanahpasteles.com\/wp-content\/uploads\/2021\/01\/cheesecake-new-york-frutos-rojos-pastel-zanah.jpg","contentUrl":"https:\/\/www.zanahpasteles.com\/wp-content\/uploads\/2021\/01\/cheesecake-new-york-frutos-rojos-pastel-zanah.jpg","width":1100,"height":1100,"caption":"cheesecake new york fruits vermells Zanah Pasteles"},{"@type":"BreadcrumbList","@id":"https:\/\/www.zanahpasteles.com\/ca\/producto\/cheesecake-de-fruits-vermells\/#breadcrumb","itemListElement":[{"@type":"ListItem","position":1,"name":"Portada","item":"https:\/\/www.zanahpasteles.com\/"},{"@type":"ListItem","position":2,"name":"Tenda","item":"https:\/\/www.zanahpasteles.com\/ca\/tenda\/"},{"@type":"ListItem","position":3,"name":"Cheesecake de Fruits Vermells"}]},{"@type":"WebSite","@id":"https:\/\/www.zanahpasteles.com\/#website","url":"https:\/\/www.zanahpasteles.com\/","name":"Zanah Pasteles","description":"Pasteles horneados cada d&iacute;a","publisher":{"@id":"https:\/\/www.zanahpasteles.com\/#organization"},"potentialAction":[{"@type":"SearchAction","target":{"@type":"EntryPoint","urlTemplate":"https:\/\/www.zanahpasteles.com\/?s={search_term_string}"},"query-input":{"@type":"PropertyValueSpecification","valueRequired":true,"valueName":"search_term_string"}}],"inLanguage":"ca"},{"@type":"Organization","@id":"https:\/\/www.zanahpasteles.com\/#organization","name":"Zanah Pasteles","url":"https:\/\/www.zanahpasteles.com\/","logo":{"@type":"ImageObject","inLanguage":"ca","@id":"https:\/\/www.zanahpasteles.com\/#\/schema\/logo\/image\/","url":"https:\/\/www.zanahpasteles.com\/wp-content\/uploads\/2023\/03\/zanah-logo-color.svg","contentUrl":"https:\/\/www.zanahpasteles.com\/wp-content\/uploads\/2023\/03\/zanah-logo-color.svg","width":162,"height":65,"caption":"Zanah Pasteles"},"image":{"@id":"https:\/\/www.zanahpasteles.com\/#\/schema\/logo\/image\/"}}]}},"_links":{"self":[{"href":"https:\/\/www.zanahpasteles.com\/ca\/wp-json\/wp\/v2\/product\/18719","targetHints":{"allow":["GET"]}}],"collection":[{"href":"https:\/\/www.zanahpasteles.com\/ca\/wp-json\/wp\/v2\/product"}],"about":[{"href":"https:\/\/www.zanahpasteles.com\/ca\/wp-json\/wp\/v2\/types\/product"}],"wp:featuredmedia":[{"embeddable":true,"href":"https:\/\/www.zanahpasteles.com\/ca\/wp-json\/wp\/v2\/media\/18100"}],"wp:attachment":[{"href":"https:\/\/www.zanahpasteles.com\/ca\/wp-json\/wp\/v2\/media?parent=18719"}],"wp:term":[{"taxonomy":"product_brand","embeddable":true,"href":"https:\/\/www.zanahpasteles.com\/ca\/wp-json\/wp\/v2\/product_brand?post=18719"},{"taxonomy":"product_cat","embeddable":true,"href":"https:\/\/www.zanahpasteles.com\/ca\/wp-json\/wp\/v2\/product_cat?post=18719"},{"taxonomy":"product_tag","embeddable":true,"href":"https:\/\/www.zanahpasteles.com\/ca\/wp-json\/wp\/v2\/product_tag?post=18719"}],"curies":[{"name":"wp","href":"https:\/\/api.w.org\/{rel}","templated":true}]}}